{"id":305,"date":"2023-02-01T16:54:02","date_gmt":"2023-02-01T15:54:02","guid":{"rendered":"https:\/\/test.yourbrand.biz\/sarajaeggi-nl\/?page_id=305"},"modified":"2023-02-19T12:30:24","modified_gmt":"2023-02-19T11:30:24","slug":"media","status":"publish","type":"page","link":"https:\/\/www.sarajaeggi.com\/nl\/media\/","title":{"rendered":"MEDIA"},"content":{"rendered":"<h2>Audio<\/h2>\n<p><a id=\"mbmaplayer_1675693970497\" class=\"mb_map {skin:'red', animate:false, width:'100%', volume:0.6, autoplay:false, loop:false, showVolumeLevel:true, showTime:true, allowMute:true, showRew:true, addGradientOverlay:true, downloadable:false, downloadablesecurity:false, id3: false}\" href=\"\/wp-content\/uploads\/sites\/4\/2023\/02\/01HPurcell-Sweeterthanroses.mp3\">H Purcell &#8211; Sweeter than roses<br \/>Sara J\u00e4ggi, Sopran \/ Julian Behr, Theorbe<\/a><\/p>\n<p><a id=\"mbmaplayer_1675695659327\" class=\"mb_map {skin:'black', animate:false, width:'100%', volume:0.6, autoplay:false, loop:false, showVolumeLevel:true, showTime:true, allowMute:true, showRew:true, addGradientOverlay:true, downloadable:false, downloadablesecurity:false, id3: false}\" href=\"\/wp-content\/uploads\/sites\/4\/2023\/02\/02J.S.Bach-BWV127.3-DieSeeleruhtinJesuHaenden.mp3\">JS Bach &#8211; BWV 127.3 &#8211; Die Seele ruht in Jesu H\u00e4nden<br \/>Sara J\u00e4ggi, Sopran \/ David Blunden, Orgel \/ Julian Behr, Theorbe<\/a><\/p>\n<p><a id=\"mbmaplayer_1675696235456\" class=\"mb_map {skin:'orange', animate:false, width:'100%', volume:0.6, autoplay:false, loop:false, showVolumeLevel:true, showTime:true, allowMute:true, showRew:true, addGradientOverlay:true, downloadable:false, downloadablesecurity:false, id3: false}\" href=\"\/wp-content\/uploads\/sites\/4\/2023\/02\/03J.S.Bach-BWV51.23-WirbetenzudemTempelan-HoechstermacheDeineGuete.mp3\">JS Bach &#8211; BWV 51.2+3 &#8211; Wir beten zu dem Tempel an \/ H\u00f6chster mache Deine G\u00fcte<br \/>Sara J\u00e4ggi, Sopran \/ David Blunden, Orgel \/ Julian Behr, Theorbe<\/a><\/p>\n<p><a id=\"mbmaplayer_1675696706115\" class=\"mb_map {skin:'gray', animate:false, width:'100%', volume:6, autoplay:false, loop:false, showVolumeLevel:true, showTime:true, allowMute:true, showRew:true, addGradientOverlay:true, downloadable:false, downloadablesecurity:false, id3: false}\" href=\"\/wp-content\/uploads\/sites\/4\/2023\/02\/04W.A.Mozart-KV321-LaudateDominum2.mp3\">WA Mozart &#8211; KV 321 &#8211; Laudate Dominum<br \/>Sara J\u00e4ggi, Sopran \/ David Blunden, Orgel<\/a><\/p>\n<p><a id=\"mbmaplayer_1675697112780\" class=\"mb_map {skin:'green', animate:false, width:'100%', volume:0.6, autoplay:false, loop:false, showVolumeLevel:true, showTime:true, allowMute:true, showRew:true, addGradientOverlay:true, downloadable:false, downloadablesecurity:false, id3: false}\" href=\"\/wp-content\/uploads\/sites\/4\/2023\/02\/05J.S.Bach-BWV248_29liveDuettSopranundBass-_HerrdeinMitleiddeinErbarmen_.mp3\">LIVE: J.S. Bach: BWV 248:29: Duett, Sopran und Bass &#8211; &#8220;Herr, dein Mitleid, dein Erbarmen&#8230;&#8221;<br \/>Sara J\u00e4ggi, Sopran \/Jonathan Sells, Bass \/Berner Kammerchor mit Bern Consort \/J\u00f6rg Ritter, Leitung<\/a><\/p>\n<p><a id=\"mbmaplayer_1675697579216\" class=\"mb_map {skin:'blue', animate:false, width:'100%', volume:0.6, autoplay:false, loop:false, showVolumeLevel:true, showTime:true, allowMute:true, showRew:true, addGradientOverlay:true, downloadable:false, downloadablesecurity:false, id3: false}\" href=\"\/wp-content\/uploads\/sites\/4\/2023\/02\/06H.PurcellODiveCustoswithZsuzsiTothSoprano1mp3.mp3\">H. Purcell: O Dive Custos<br \/>Zsuzsi T\u00f2th, 1. Sopran \/Ricardo Miranda Rodriguez, Viola da Gamba \/Masato Suzuki, Orgel \/J. Le Jeune<\/a><\/p>\n","protected":false},"excerpt":{"rendered":"<p>Audio H Purcell &#8211; Sweeter than rosesSara J\u00e4ggi, Sopran \/ Julian Behr, Theorbe JS Bach &#8211; BWV 127.3 &#8211; Die Seele ruht in Jesu H\u00e4ndenSara J\u00e4ggi, Sopran \/ David Blunden, Orgel \/ Julian Behr, Theorbe JS Bach &#8211; BWV 51.2+3 &#8211; Wir beten zu dem Tempel an \/ H\u00f6chster mache Deine G\u00fcteSara J\u00e4ggi, Sopran \/&hellip; <a class=\"more-link\" href=\"https:\/\/www.sarajaeggi.com\/nl\/media\/\">Lees verder <span class=\"screen-reader-text\">MEDIA<\/span><\/a><\/p>\n","protected":false},"author":29,"featured_media":0,"parent":0,"menu_order":0,"comment_status":"closed","ping_status":"closed","template":"","meta":{"footnotes":""},"_links":{"self":[{"href":"https:\/\/www.sarajaeggi.com\/nl\/wp-json\/wp\/v2\/pages\/305"}],"collection":[{"href":"https:\/\/www.sarajaeggi.com\/nl\/wp-json\/wp\/v2\/pages"}],"about":[{"href":"https:\/\/www.sarajaeggi.com\/nl\/wp-json\/wp\/v2\/types\/page"}],"author":[{"embeddable":true,"href":"https:\/\/www.sarajaeggi.com\/nl\/wp-json\/wp\/v2\/users\/29"}],"replies":[{"embeddable":true,"href":"https:\/\/www.sarajaeggi.com\/nl\/wp-json\/wp\/v2\/comments?post=305"}],"version-history":[{"count":4,"href":"https:\/\/www.sarajaeggi.com\/nl\/wp-json\/wp\/v2\/pages\/305\/revisions"}],"predecessor-version":[{"id":422,"href":"https:\/\/www.sarajaeggi.com\/nl\/wp-json\/wp\/v2\/pages\/305\/revisions\/422"}],"wp:attachment":[{"href":"https:\/\/www.sarajaeggi.com\/nl\/wp-json\/wp\/v2\/media?parent=305"}],"curies":[{"name":"wp","href":"https:\/\/api.w.org\/{rel}","templated":true}]}}